{"id":6122,"date":"2024-04-19T16:58:42","date_gmt":"2024-04-19T19:58:42","guid":{"rendered":"https:\/\/avantimkt.com.br\/siteantigo\/?page_id=6122"},"modified":"2025-04-16T17:57:09","modified_gmt":"2025-04-16T20:57:09","slug":"branding","status":"publish","type":"page","link":"https:\/\/avantimkt.com.br\/siteantigo\/solucoes\/branding\/","title":{"rendered":"Branding"},"content":{"rendered":"\t\t<div data-elementor-type=\"wp-page\" data-elementor-id=\"6122\" class=\"elementor elementor-6122\" data-elementor-post-type=\"page\">\n\t\t\t\t<div class=\"elementor-element elementor-element-a0e553c e-con-full e-flex e-con e-parent\" data-id=\"a0e553c\" data-element_type=\"container\" data-e-type=\"container\">\n\t\t<div class=\"elementor-element elementor-element-351a4bcb e-con-full e-flex e-con e-child\" data-id=\"351a4bcb\" data-element_type=\"container\" data-e-type=\"container\" data-settings=\"{&quot;background_background&quot;:&quot;classic&quot;,&quot;animation&quot;:&quot;none&quot;}\">\n\t\t\t\t<\/div>\n\t\t<div class=\"elementor-element elementor-element-65775ced e-con-full e-flex e-con e-child\" data-id=\"65775ced\" data-element_type=\"container\" data-e-type=\"container\" data-settings=\"{&quot;background_background&quot;:&quot;classic&quot;}\">\n\t\t<div class=\"elementor-element elementor-element-5d5f947b e-con-full e-flex e-con e-child\" data-id=\"5d5f947b\" data-element_type=\"container\" data-e-type=\"container\">\n\t\t\t\t<div class=\"elementor-element elementor-element-1341d8eb elementor-widget elementor-widget-heading\" data-id=\"1341d8eb\" data-element_type=\"widget\" data-e-type=\"widget\" data-widget_type=\"heading.default\">\n\t\t\t\t\t<h1 class=\"elementor-heading-title elementor-size-large\">branding<\/h1>\t\t\t\t<\/div>\n\t\t\t\t<div class=\"elementor-element elementor-element-14eeaaf2 elementor-widget-divider--view-line elementor-widget elementor-widget-divider\" data-id=\"14eeaaf2\" data-element_type=\"widget\" data-e-type=\"widget\" data-widget_type=\"divider.default\">\n\t\t\t\t\t\t\t<div class=\"elementor-divider\">\n\t\t\t<span class=\"elementor-divider-separator\">\n\t\t\t\t\t\t<\/span>\n\t\t<\/div>\n\t\t\t\t\t\t<\/div>\n\t\t\t\t<div class=\"elementor-element elementor-element-283d8d60 elementor-widget elementor-widget-spacer\" data-id=\"283d8d60\" data-element_type=\"widget\" data-e-type=\"widget\" data-widget_type=\"spacer.default\">\n\t\t\t\t\t\t\t<div class=\"elementor-spacer\">\n\t\t\t<div class=\"elementor-spacer-inner\"><\/div>\n\t\t<\/div>\n\t\t\t\t\t\t<\/div>\n\t\t\t\t<div class=\"elementor-element elementor-element-17b3de80 elementor-widget elementor-widget-heading\" data-id=\"17b3de80\" data-element_type=\"widget\" data-e-type=\"widget\" data-widget_type=\"heading.default\">\n\t\t\t\t\t<h1 class=\"elementor-heading-title elementor-size-large\">O branding n\u00e3o \u00e9 s\u00f3 uma estrat\u00e9gia, \u00e9 um investimento no futuro do seu neg\u00f3cio!<\/h1>\t\t\t\t<\/div>\n\t\t\t\t<div class=\"elementor-element elementor-element-48d6d311 elementor-widget elementor-widget-spacer\" data-id=\"48d6d311\" data-element_type=\"widget\" data-e-type=\"widget\" data-widget_type=\"spacer.default\">\n\t\t\t\t\t\t\t<div class=\"elementor-spacer\">\n\t\t\t<div class=\"elementor-spacer-inner\"><\/div>\n\t\t<\/div>\n\t\t\t\t\t\t<\/div>\n\t\t\t\t<div class=\"elementor-element elementor-element-5434d7d3 elementor-widget elementor-widget-text-editor\" data-id=\"5434d7d3\" data-element_type=\"widget\" data-e-type=\"widget\" data-widget_type=\"text-editor.default\">\n\t\t\t\t\t\t\t\t\t<p>Uma marca forte vai al\u00e9m de produtos e servi\u00e7os. Ela cria <strong>conex\u00e3o, significado e experi\u00eancias positivas<\/strong> para as pessoas.<\/p><p>Esse reconhecimento n\u00e3o acontece da noite para o dia. Ele \u00e9 constru\u00eddo com consist\u00eancia em todos os canais, tornando-se um diferencial para se destacar no mercado e conquistar a confian\u00e7a do p\u00fablico.<\/p><p>Investir em branding transforma a percep\u00e7\u00e3o da sua marca e traz benef\u00edcios como:<\/p><ul><li>Gera\u00e7\u00e3o de novos neg\u00f3cios.<\/li><li>Maior fideliza\u00e7\u00e3o de clientes.<\/li><li>Engajamento da equipe.<\/li><li>Maior atra\u00e7\u00e3o e reten\u00e7\u00e3o de talentos.<\/li><\/ul><p><br \/><strong>Mostre porque a sua marca \u00e9 a melhor escolha.<\/strong><\/p>\t\t\t\t\t\t\t\t<\/div>\n\t\t\t\t<\/div>\n\t\t\t\t<\/div>\n\t\t\t\t<\/div>\n\t\t<div class=\"elementor-element elementor-element-5eb4bdf4 e-flex e-con-boxed e-con e-parent\" data-id=\"5eb4bdf4\" data-element_type=\"container\" data-e-type=\"container\" data-settings=\"{&quot;animation&quot;:&quot;none&quot;,&quot;background_background&quot;:&quot;classic&quot;}\">\n\t\t\t\t\t<div class=\"e-con-inner\">\n\t\t<div class=\"elementor-element elementor-element-1ab3a3a0 e-con-full e-flex e-con e-child\" data-id=\"1ab3a3a0\" data-element_type=\"container\" data-e-type=\"container\">\n\t\t<div class=\"elementor-element elementor-element-2fd35c1e e-con-full e-flex e-con e-child\" data-id=\"2fd35c1e\" data-element_type=\"container\" data-e-type=\"container\">\n\t\t\t\t<div class=\"elementor-element elementor-element-3db4e99 elementor-view-default elementor-widget elementor-widget-icon\" data-id=\"3db4e99\" data-element_type=\"widget\" data-e-type=\"widget\" data-settings=\"{&quot;_animation&quot;:&quot;none&quot;}\" data-widget_type=\"icon.default\">\n\t\t\t\t\t\t\t<div class=\"elementor-icon-wrapper\">\n\t\t\t<div class=\"elementor-icon\">\n\t\t\t<svg aria-hidden=\"true\" class=\"e-font-icon-svg e-fas-check-double\" viewBox=\"0 0 512 512\" xmlns=\"http:\/\/www.w3.org\/2000\/svg\"><path d=\"M505 174.8l-39.6-39.6c-9.4-9.4-24.6-9.4-33.9 0L192 374.7 80.6 263.2c-9.4-9.4-24.6-9.4-33.9 0L7 302.9c-9.4 9.4-9.4 24.6 0 34L175 505c9.4 9.4 24.6 9.4 33.9 0l296-296.2c9.4-9.5 9.4-24.7.1-34zm-324.3 106c6.2 6.3 16.4 6.3 22.6 0l208-208.2c6.2-6.3 6.2-16.4 0-22.6L366.1 4.7c-6.2-6.3-16.4-6.3-22.6 0L192 156.2l-55.4-55.5c-6.2-6.3-16.4-6.3-22.6 0L68.7 146c-6.2 6.3-6.2 16.4 0 22.6l112 112.2z\"><\/path><\/svg>\t\t\t<\/div>\n\t\t<\/div>\n\t\t\t\t\t\t<\/div>\n\t\t\t\t<\/div>\n\t\t<div class=\"elementor-element elementor-element-6fd62bc9 e-con-full e-flex e-con e-child\" data-id=\"6fd62bc9\" data-element_type=\"container\" data-e-type=\"container\">\n\t\t\t\t<div class=\"elementor-element elementor-element-47d53f8f elementor-widget__width-initial elementor-widget elementor-widget-text-editor\" data-id=\"47d53f8f\" data-element_type=\"widget\" data-e-type=\"widget\" data-settings=\"{&quot;_animation&quot;:&quot;none&quot;}\" data-widget_type=\"text-editor.default\">\n\t\t\t\t\t\t\t\t\t<p><strong>81%<\/strong> dos consumidores precisam confiar em uma marca antes de considerar a compra<br \/><a href=\"https:\/\/www.edelman.com\/sites\/g\/files\/aatuss191\/files\/2019-07\/2019_edelman_trust_barometer_special_report_in_brands_we_trust.pdf\" target=\"_blank\" rel=\"noopener\">Edelman<\/a><\/p>\t\t\t\t\t\t\t\t<\/div>\n\t\t\t\t<\/div>\n\t\t\t\t<\/div>\n\t\t<div class=\"elementor-element elementor-element-6ffb1c23 e-con-full e-flex e-con e-child\" data-id=\"6ffb1c23\" data-element_type=\"container\" data-e-type=\"container\">\n\t\t<div class=\"elementor-element elementor-element-767c6af9 e-con-full e-flex e-con e-child\" data-id=\"767c6af9\" data-element_type=\"container\" data-e-type=\"container\">\n\t\t\t\t<div class=\"elementor-element elementor-element-336bb290 elementor-view-default elementor-widget elementor-widget-icon\" data-id=\"336bb290\" data-element_type=\"widget\" data-e-type=\"widget\" data-settings=\"{&quot;_animation&quot;:&quot;none&quot;}\" data-widget_type=\"icon.default\">\n\t\t\t\t\t\t\t<div class=\"elementor-icon-wrapper\">\n\t\t\t<div class=\"elementor-icon\">\n\t\t\t<svg aria-hidden=\"true\" class=\"e-font-icon-svg e-fas-user-check\" viewBox=\"0 0 640 512\" xmlns=\"http:\/\/www.w3.org\/2000\/svg\"><path d=\"M224 256c70.7 0 128-57.3 128-128S294.7 0 224 0 96 57.3 96 128s57.3 128 128 128zm89.6 32h-16.7c-22.2 10.2-46.9 16-72.9 16s-50.6-5.8-72.9-16h-16.7C60.2 288 0 348.2 0 422.4V464c0 26.5 21.5 48 48 48h352c26.5 0 48-21.5 48-48v-41.6c0-74.2-60.2-134.4-134.4-134.4zm323-128.4l-27.8-28.1c-4.6-4.7-12.1-4.7-16.8-.1l-104.8 104-45.5-45.8c-4.6-4.7-12.1-4.7-16.8-.1l-28.1 27.9c-4.7 4.6-4.7 12.1-.1 16.8l81.7 82.3c4.6 4.7 12.1 4.7 16.8.1l141.3-140.2c4.6-4.7 4.7-12.2.1-16.8z\"><\/path><\/svg>\t\t\t<\/div>\n\t\t<\/div>\n\t\t\t\t\t\t<\/div>\n\t\t\t\t<\/div>\n\t\t<div class=\"elementor-element elementor-element-6de613be e-con-full e-flex e-con e-child\" data-id=\"6de613be\" data-element_type=\"container\" data-e-type=\"container\">\n\t\t\t\t<div class=\"elementor-element elementor-element-7728b911 elementor-widget__width-initial elementor-widget elementor-widget-text-editor\" data-id=\"7728b911\" data-element_type=\"widget\" data-e-type=\"widget\" data-settings=\"{&quot;_animation&quot;:&quot;none&quot;}\" data-widget_type=\"text-editor.default\">\n\t\t\t\t\t\t\t\t\t<p>Os consumidores t\u00eam <b>2x<\/b> mais chances de comprar, permanecer leais e defender marcas nas quais confiam<br \/><a href=\"https:\/\/www.edelman.com\/sites\/g\/files\/aatuss191\/files\/2019-07\/2019_edelman_trust_barometer_special_report_in_brands_we_trust.pdf\" target=\"_blank\" rel=\"noopener\">Edelman<\/a><\/p>\t\t\t\t\t\t\t\t<\/div>\n\t\t\t\t<\/div>\n\t\t\t\t<\/div>\n\t\t<div class=\"elementor-element elementor-element-7b8f6f5f e-con-full e-flex e-con e-child\" data-id=\"7b8f6f5f\" data-element_type=\"container\" data-e-type=\"container\" data-settings=\"{&quot;animation&quot;:&quot;none&quot;}\">\n\t\t<div class=\"elementor-element elementor-element-5bc54d1f e-con-full e-flex e-con e-child\" data-id=\"5bc54d1f\" data-element_type=\"container\" data-e-type=\"container\">\n\t\t\t\t<div class=\"elementor-element elementor-element-8f2f35d elementor-view-default elementor-widget elementor-widget-icon\" data-id=\"8f2f35d\" data-element_type=\"widget\" data-e-type=\"widget\" data-settings=\"{&quot;_animation&quot;:&quot;none&quot;}\" data-widget_type=\"icon.default\">\n\t\t\t\t\t\t\t<div class=\"elementor-icon-wrapper\">\n\t\t\t<div class=\"elementor-icon\">\n\t\t\t<svg aria-hidden=\"true\" class=\"e-font-icon-svg e-far-comment-alt\" viewBox=\"0 0 512 512\" xmlns=\"http:\/\/www.w3.org\/2000\/svg\"><path d=\"M448 0H64C28.7 0 0 28.7 0 64v288c0 35.3 28.7 64 64 64h96v84c0 7.1 5.8 12 12 12 2.4 0 4.9-.7 7.1-2.4L304 416h144c35.3 0 64-28.7 64-64V64c0-35.3-28.7-64-64-64zm16 352c0 8.8-7.2 16-16 16H288l-12.8 9.6L208 428v-60H64c-8.8 0-16-7.2-16-16V64c0-8.8 7.2-16 16-16h384c8.8 0 16 7.2 16 16v288z\"><\/path><\/svg>\t\t\t<\/div>\n\t\t<\/div>\n\t\t\t\t\t\t<\/div>\n\t\t\t\t<\/div>\n\t\t<div class=\"elementor-element elementor-element-6b90d70b e-con-full e-flex e-con e-child\" data-id=\"6b90d70b\" data-element_type=\"container\" data-e-type=\"container\">\n\t\t\t\t<div class=\"elementor-element elementor-element-3e174521 elementor-widget__width-initial elementor-widget elementor-widget-text-editor\" data-id=\"3e174521\" data-element_type=\"widget\" data-e-type=\"widget\" data-settings=\"{&quot;_animation&quot;:&quot;none&quot;}\" data-widget_type=\"text-editor.default\">\n\t\t\t\t\t\t\t\t\t<p>60% dos consumidores tomaram uma atitude (positiva ou negativa) com base nas a\u00e7\u00f5es de uma marca<br \/><a href=\"https:\/\/www.webershandwick.com\/wp-content\/uploads\/2018\/05\/Battle_of_the_Wallets.pdf\" target=\"_blank\" rel=\"noopener\">Weber Shandwick, KRC Research<\/a><\/p>\t\t\t\t\t\t\t\t<\/div>\n\t\t\t\t<\/div>\n\t\t\t\t<\/div>\n\t\t\t\t\t<\/div>\n\t\t\t\t<\/div>\n\t\t<div class=\"elementor-element elementor-element-d011f56 e-flex e-con-boxed e-con e-parent\" data-id=\"d011f56\" data-element_type=\"container\" data-e-type=\"container\">\n\t\t\t\t\t<div class=\"e-con-inner\">\n\t\t<div class=\"elementor-element elementor-element-2fe1d51 e-con-full e-flex e-con e-child\" data-id=\"2fe1d51\" data-element_type=\"container\" data-e-type=\"container\">\n\t\t\t\t<div class=\"elementor-element elementor-element-d3e67e5 elementor-widget elementor-widget-heading\" data-id=\"d3e67e5\" data-element_type=\"widget\" data-e-type=\"widget\" data-widget_type=\"heading.default\">\n\t\t\t\t\t<h1 class=\"elementor-heading-title elementor-size-large\">cases<\/h1>\t\t\t\t<\/div>\n\t\t\t\t<div class=\"elementor-element elementor-element-eaf32c2 elementor-widget elementor-widget-text-editor\" data-id=\"eaf32c2\" data-element_type=\"widget\" data-e-type=\"widget\" data-widget_type=\"text-editor.default\">\n\t\t\t\t\t\t\t\t\t<p>Confira alguns projetos desenvolvidos pela Avanti:<\/p>\t\t\t\t\t\t\t\t<\/div>\n\t\t\t\t<div class=\"elementor-element elementor-element-66e382b elementor-widget-divider--view-line elementor-widget elementor-widget-divider\" data-id=\"66e382b\" data-element_type=\"widget\" data-e-type=\"widget\" data-widget_type=\"divider.default\">\n\t\t\t\t\t\t\t<div class=\"elementor-divider\">\n\t\t\t<span class=\"elementor-divider-separator\">\n\t\t\t\t\t\t<\/span>\n\t\t<\/div>\n\t\t\t\t\t\t<\/div>\n\t\t\t\t<div class=\"elementor-element elementor-element-0d3f8d0 elementor-widget elementor-widget-spacer\" data-id=\"0d3f8d0\" data-element_type=\"widget\" data-e-type=\"widget\" data-widget_type=\"spacer.default\">\n\t\t\t\t\t\t\t<div class=\"elementor-spacer\">\n\t\t\t<div class=\"elementor-spacer-inner\"><\/div>\n\t\t<\/div>\n\t\t\t\t\t\t<\/div>\n\t\t\t\t<\/div>\n\t\t\t\t\t<\/div>\n\t\t\t\t<\/div>\n\t\t<div class=\"elementor-element elementor-element-f08a380 e-con-full e-flex e-con e-parent\" data-id=\"f08a380\" data-element_type=\"container\" data-e-type=\"container\">\n\t\t<div class=\"elementor-element elementor-element-b572068 e-con-full e-flex elementor-invisible e-con e-child\" data-id=\"b572068\" data-element_type=\"container\" data-e-type=\"container\" data-settings=\"{&quot;animation&quot;:&quot;fadeIn&quot;}\">\n\t\t\t\t<div class=\"elementor-element elementor-element-d60751c elementor-widget elementor-widget-image\" data-id=\"d60751c\" data-element_type=\"widget\" data-e-type=\"widget\" data-widget_type=\"image.default\">\n\t\t\t\t\t\t\t\t\t\t\t\t\t\t\t<img fetchpriority=\"high\" decoding=\"async\" width=\"2560\" height=\"2075\" src=\"https:\/\/avantimkt.com.br\/siteantigo\/wp-content\/uploads\/2025\/04\/Novo-Logo-OnFire-Animation-1.webp\" class=\"attachment-full size-full wp-image-9519\" alt=\"Novo Logo OnFire Animation\" srcset=\"https:\/\/avantimkt.com.br\/siteantigo\/wp-content\/uploads\/2025\/04\/Novo-Logo-OnFire-Animation-1.webp 2560w, https:\/\/avantimkt.com.br\/siteantigo\/wp-content\/uploads\/2025\/04\/Novo-Logo-OnFire-Animation-1-300x243.webp 300w, https:\/\/avantimkt.com.br\/siteantigo\/wp-content\/uploads\/2025\/04\/Novo-Logo-OnFire-Animation-1-1024x830.webp 1024w, https:\/\/avantimkt.com.br\/siteantigo\/wp-content\/uploads\/2025\/04\/Novo-Logo-OnFire-Animation-1-768x623.webp 768w, https:\/\/avantimkt.com.br\/siteantigo\/wp-content\/uploads\/2025\/04\/Novo-Logo-OnFire-Animation-1-1536x1245.webp 1536w, https:\/\/avantimkt.com.br\/siteantigo\/wp-content\/uploads\/2025\/04\/Novo-Logo-OnFire-Animation-1-2048x1660.webp 2048w\" sizes=\"(max-width: 2560px) 100vw, 2560px\" \/>\t\t\t\t\t\t\t\t\t\t\t\t\t\t\t<\/div>\n\t\t\t\t<\/div>\n\t\t<div class=\"elementor-element elementor-element-058eda9 e-con-full e-flex elementor-invisible e-con e-child\" data-id=\"058eda9\" data-element_type=\"container\" data-e-type=\"container\" data-settings=\"{&quot;animation&quot;:&quot;fadeIn&quot;}\">\n\t\t\t\t<div class=\"elementor-element elementor-element-a2f4297 elementor-widget elementor-widget-image\" data-id=\"a2f4297\" data-element_type=\"widget\" data-e-type=\"widget\" data-widget_type=\"image.default\">\n\t\t\t\t\t\t\t\t\t\t\t\t\t\t\t<img decoding=\"async\" width=\"2560\" height=\"2075\" src=\"https:\/\/avantimkt.com.br\/siteantigo\/wp-content\/uploads\/2025\/04\/Novo-Logo-OnFire-Animation-2.webp\" class=\"attachment-full size-full wp-image-9520\" alt=\"Novo Logo OnFire Animation\" srcset=\"https:\/\/avantimkt.com.br\/siteantigo\/wp-content\/uploads\/2025\/04\/Novo-Logo-OnFire-Animation-2.webp 2560w, https:\/\/avantimkt.com.br\/siteantigo\/wp-content\/uploads\/2025\/04\/Novo-Logo-OnFire-Animation-2-300x243.webp 300w, https:\/\/avantimkt.com.br\/siteantigo\/wp-content\/uploads\/2025\/04\/Novo-Logo-OnFire-Animation-2-1024x830.webp 1024w, https:\/\/avantimkt.com.br\/siteantigo\/wp-content\/uploads\/2025\/04\/Novo-Logo-OnFire-Animation-2-768x623.webp 768w, https:\/\/avantimkt.com.br\/siteantigo\/wp-content\/uploads\/2025\/04\/Novo-Logo-OnFire-Animation-2-1536x1245.webp 1536w, https:\/\/avantimkt.com.br\/siteantigo\/wp-content\/uploads\/2025\/04\/Novo-Logo-OnFire-Animation-2-2048x1660.webp 2048w\" sizes=\"(max-width: 2560px) 100vw, 2560px\" \/>\t\t\t\t\t\t\t\t\t\t\t\t\t\t\t<\/div>\n\t\t\t\t<\/div>\n\t\t\t\t<\/div>\n\t\t<div class=\"elementor-element elementor-element-dc9919e e-con-full e-flex e-con e-parent\" data-id=\"dc9919e\" data-element_type=\"container\" data-e-type=\"container\">\n\t\t<div class=\"elementor-element elementor-element-4aab06d e-con-full e-flex elementor-invisible e-con e-child\" data-id=\"4aab06d\" data-element_type=\"container\" data-e-type=\"container\" data-settings=\"{&quot;animation&quot;:&quot;fadeIn&quot;}\">\n\t\t\t\t<div class=\"elementor-element elementor-element-53aa138 elementor-widget elementor-widget-image\" data-id=\"53aa138\" data-element_type=\"widget\" data-e-type=\"widget\" data-widget_type=\"image.default\">\n\t\t\t\t\t\t\t\t\t\t\t\t\t\t\t<img decoding=\"async\" width=\"2560\" height=\"2075\" src=\"https:\/\/avantimkt.com.br\/siteantigo\/wp-content\/uploads\/2025\/04\/Novo-Logo-Juri-Consultoria-1.webp\" class=\"attachment-full size-full wp-image-9511\" alt=\"Novo Logo Juri Consultoria\" srcset=\"https:\/\/avantimkt.com.br\/siteantigo\/wp-content\/uploads\/2025\/04\/Novo-Logo-Juri-Consultoria-1.webp 2560w, https:\/\/avantimkt.com.br\/siteantigo\/wp-content\/uploads\/2025\/04\/Novo-Logo-Juri-Consultoria-1-300x243.webp 300w, https:\/\/avantimkt.com.br\/siteantigo\/wp-content\/uploads\/2025\/04\/Novo-Logo-Juri-Consultoria-1-1024x830.webp 1024w, https:\/\/avantimkt.com.br\/siteantigo\/wp-content\/uploads\/2025\/04\/Novo-Logo-Juri-Consultoria-1-768x623.webp 768w, https:\/\/avantimkt.com.br\/siteantigo\/wp-content\/uploads\/2025\/04\/Novo-Logo-Juri-Consultoria-1-1536x1245.webp 1536w, https:\/\/avantimkt.com.br\/siteantigo\/wp-content\/uploads\/2025\/04\/Novo-Logo-Juri-Consultoria-1-2048x1660.webp 2048w\" sizes=\"(max-width: 2560px) 100vw, 2560px\" \/>\t\t\t\t\t\t\t\t\t\t\t\t\t\t\t<\/div>\n\t\t\t\t<\/div>\n\t\t<div class=\"elementor-element elementor-element-eb925de e-con-full e-flex elementor-invisible e-con e-child\" data-id=\"eb925de\" data-element_type=\"container\" data-e-type=\"container\" data-settings=\"{&quot;animation&quot;:&quot;fadeIn&quot;}\">\n\t\t\t\t<div class=\"elementor-element elementor-element-9254c85 elementor-widget elementor-widget-image\" data-id=\"9254c85\" data-element_type=\"widget\" data-e-type=\"widget\" data-widget_type=\"image.default\">\n\t\t\t\t\t\t\t\t\t\t\t\t\t\t\t<img loading=\"lazy\" decoding=\"async\" width=\"2560\" height=\"2075\" src=\"https:\/\/avantimkt.com.br\/siteantigo\/wp-content\/uploads\/2025\/04\/Novo-Logo-Juri-Consultoria-2.webp\" class=\"attachment-full size-full wp-image-9507\" alt=\"Novo Logo Juri Consultoria\" srcset=\"https:\/\/avantimkt.com.br\/siteantigo\/wp-content\/uploads\/2025\/04\/Novo-Logo-Juri-Consultoria-2.webp 2560w, https:\/\/avantimkt.com.br\/siteantigo\/wp-content\/uploads\/2025\/04\/Novo-Logo-Juri-Consultoria-2-300x243.webp 300w, https:\/\/avantimkt.com.br\/siteantigo\/wp-content\/uploads\/2025\/04\/Novo-Logo-Juri-Consultoria-2-1024x830.webp 1024w, https:\/\/avantimkt.com.br\/siteantigo\/wp-content\/uploads\/2025\/04\/Novo-Logo-Juri-Consultoria-2-768x623.webp 768w, https:\/\/avantimkt.com.br\/siteantigo\/wp-content\/uploads\/2025\/04\/Novo-Logo-Juri-Consultoria-2-1536x1245.webp 1536w, https:\/\/avantimkt.com.br\/siteantigo\/wp-content\/uploads\/2025\/04\/Novo-Logo-Juri-Consultoria-2-2048x1660.webp 2048w\" sizes=\"(max-width: 2560px) 100vw, 2560px\" \/>\t\t\t\t\t\t\t\t\t\t\t\t\t\t\t<\/div>\n\t\t\t\t<\/div>\n\t\t\t\t<\/div>\n\t\t<div class=\"elementor-element elementor-element-3b8b881 e-flex e-con-boxed e-con e-parent\" data-id=\"3b8b881\" data-element_type=\"container\" data-e-type=\"container\" data-settings=\"{&quot;background_background&quot;:&quot;classic&quot;}\">\n\t\t\t\t\t<div class=\"e-con-inner\">\n\t\t<div class=\"elementor-element elementor-element-797e998 e-con-full e-flex e-con e-child\" data-id=\"797e998\" data-element_type=\"container\" data-e-type=\"container\" data-settings=\"{&quot;animation&quot;:&quot;none&quot;,&quot;animation_delay&quot;:2}\">\n\t\t\t\t<div class=\"elementor-element elementor-element-c1e8490 elementor-widget elementor-widget-heading\" data-id=\"c1e8490\" data-element_type=\"widget\" data-e-type=\"widget\" data-widget_type=\"heading.default\">\n\t\t\t\t\t<h2 class=\"elementor-heading-title elementor-size-default\">Cada marca \u00e9 \u00fanica e merece um plano personalizado.<\/h2>\t\t\t\t<\/div>\n\t\t\t\t<div class=\"elementor-element elementor-element-563b89d elementor-align-center elementor-widget elementor-widget-button\" data-id=\"563b89d\" data-element_type=\"widget\" data-e-type=\"widget\" data-widget_type=\"button.default\">\n\t\t\t\t\t\t\t\t\t\t<a class=\"elementor-button elementor-button-link elementor-size-sm\" href=\"https:\/\/avantimkt.com.br\/siteantigo\/contato\/\">\n\t\t\t\t\t\t<span class=\"elementor-button-content-wrapper\">\n\t\t\t\t\t\t\t\t\t<span class=\"elementor-button-text\">Fale conosco<\/span>\n\t\t\t\t\t<\/span>\n\t\t\t\t\t<\/a>\n\t\t\t\t\t\t\t\t<\/div>\n\t\t\t\t<\/div>\n\t\t\t\t\t<\/div>\n\t\t\t\t<\/div>\n\t\t\t\t<\/div>\n\t\t","protected":false},"excerpt":{"rendered":"<p>Ao investir em branding voc\u00ea pode mudar a forma como as pessoas veem sua marca, gerar novos neg\u00f3cios, aumentar o valor do neg\u00f3cio, melhorar a fideliza\u00e7\u00e3o de clientes e o engajamento dos funcion\u00e1rios, o que impacta na atra\u00e7\u00e3o e reten\u00e7\u00e3o de talentos.<\/p>\n","protected":false},"author":3,"featured_media":9007,"parent":26,"menu_order":0,"comment_status":"closed","ping_status":"closed","template":"","meta":{"footnotes":""},"class_list":["post-6122","page","type-page","status-publish","has-post-thumbnail","hentry"],"aioseo_notices":[],"_hostinger_reach_plugin_has_subscription_block":false,"_hostinger_reach_plugin_is_elementor":false,"_links":{"self":[{"href":"https:\/\/avantimkt.com.br\/siteantigo\/wp-json\/wp\/v2\/pages\/6122","targetHints":{"allow":["GET"]}}],"collection":[{"href":"https:\/\/avantimkt.com.br\/siteantigo\/wp-json\/wp\/v2\/pages"}],"about":[{"href":"https:\/\/avantimkt.com.br\/siteantigo\/wp-json\/wp\/v2\/types\/page"}],"author":[{"embeddable":true,"href":"https:\/\/avantimkt.com.br\/siteantigo\/wp-json\/wp\/v2\/users\/3"}],"replies":[{"embeddable":true,"href":"https:\/\/avantimkt.com.br\/siteantigo\/wp-json\/wp\/v2\/comments?post=6122"}],"version-history":[{"count":71,"href":"https:\/\/avantimkt.com.br\/siteantigo\/wp-json\/wp\/v2\/pages\/6122\/revisions"}],"predecessor-version":[{"id":10258,"href":"https:\/\/avantimkt.com.br\/siteantigo\/wp-json\/wp\/v2\/pages\/6122\/revisions\/10258"}],"up":[{"embeddable":true,"href":"https:\/\/avantimkt.com.br\/siteantigo\/wp-json\/wp\/v2\/pages\/26"}],"wp:featuredmedia":[{"embeddable":true,"href":"https:\/\/avantimkt.com.br\/siteantigo\/wp-json\/wp\/v2\/media\/9007"}],"wp:attachment":[{"href":"https:\/\/avantimkt.com.br\/siteantigo\/wp-json\/wp\/v2\/media?parent=6122"}],"curies":[{"name":"wp","href":"https:\/\/api.w.org\/{rel}","templated":true}]}}